{"id":365,"date":"2016-11-25T17:44:03","date_gmt":"2016-11-25T17:44:03","guid":{"rendered":"http:\/\/eiffelbistro.hu\/en\/?page_id=365"},"modified":"2016-11-25T18:46:53","modified_gmt":"2016-11-25T18:46:53","slug":"events","status":"publish","type":"page","link":"https:\/\/eiffelbistro.hu\/en\/events\/","title":{"rendered":"Events"},"content":{"rendered":"<p>[vc_row][vc_column][vc_column_text]<\/p>\n<h2 style=\"text-align: center; margin-bottom: 30px;\">RENDEZV\u00c9NYEK<\/h2>\n<h4>A belv\u00e1ros sz\u00edv\u00e9ben keresel rendezv\u00e9nyhelysz\u00ednt? Fontos sz\u00e1modra a j\u00f3 k\u00f6zleked\u00e9s \u00e9s a hangulatos, modern k\u00f6rnyezet?\u00a0 Akkor sz\u00e1modra az Eiffel Bistro &amp; Bar a megfelel\u0151 v\u00e1laszt\u00e1s. \u00c9tterm\u00fcnk ak\u00e1r 150 f\u0151s rendezv\u00e9nyek lebonyol\u00edt\u00e1s\u00e1ra is megfelel\u0151 helysz\u00edn.<\/h4>\n<p>[\/vc_column_text][\/vc_column][vc_column width=&#8221;1\/4&#8243;]<div class=\"stats-block stats-top  \"><div class=\"aio-icon-top\"><div class=\"ult-just-icon-wrapper  \"><div class=\"align-icon\" style=\"text-align:center;\"><\/div><\/div><\/div><div class=\"stats-desc\" id=\"counter-responsv-wrap-9115\"><div id=\"counter_182954524469e633712c429\" data-id=\"counter_182954524469e633712c429\"  data-ultimate-target='#counter-responsv-wrap-9115 .stats-number'  data-responsive-json-new='{\"font-size\":\"desktop:50px;\",\"line-height\":\"\"}'  class=\"stats-number ult-responsive\" style=\"  color:#ed1c24;\" data-speed=\"3\" data-counter-value=\"100\" data-separator=\",\" data-decimal=\".\">0<\/div><div class=\"counter_suffix mycust ult-responsive\"  data-ultimate-target='#counter-responsv-wrap-9115 .mycust'  data-responsive-json-new='{\"font-size\":\"desktop:15px;\",\"line-height\":\"desktop:17px;\"}'  style=\" font-weight:bold;color:\">f\u0151<\/div><div counter-responsv-wrap-9115  data-ultimate-target='#counter-responsv-wrap-9115 .stats-text'  data-responsive-json-new='{\"font-size\":\"\",\"line-height\":\"\"}'  class=\"stats-text ult-responsive\" style=\"font-size:18px;  \">\u00dcltetve<\/div><\/div><\/div>[\/vc_column][vc_column width=&#8221;1\/4&#8243;]<div class=\"stats-block stats-top  \"><div class=\"aio-icon-top\"><div class=\"ult-just-icon-wrapper  \"><div class=\"align-icon\" style=\"text-align:center;\"><\/div><\/div><\/div><div class=\"stats-desc\" id=\"counter-responsv-wrap-2513\"><div id=\"counter_40903766569e633712c5d4\" data-id=\"counter_40903766569e633712c5d4\"  data-ultimate-target='#counter-responsv-wrap-2513 .stats-number'  data-responsive-json-new='{\"font-size\":\"desktop:50px;\",\"line-height\":\"\"}'  class=\"stats-number ult-responsive\" style=\"  color:#ed1c24;\" data-speed=\"3\" data-counter-value=\"20\" data-separator=\",\" data-decimal=\".\">0<\/div><div class=\"counter_suffix mycust ult-responsive\"  data-ultimate-target='#counter-responsv-wrap-2513 .mycust'  data-responsive-json-new='{\"font-size\":\"desktop:15px;\",\"line-height\":\"desktop:17px;\"}'  style=\" font-weight:bold;color:\">f\u0151<\/div><div counter-responsv-wrap-2513  data-ultimate-target='#counter-responsv-wrap-2513 .stats-text'  data-responsive-json-new='{\"font-size\":\"\",\"line-height\":\"\"}'  class=\"stats-text ult-responsive\" style=\"font-size:18px;  \">Szepar\u00e1lva<\/div><\/div><\/div>[vc_column_text el_class=&#8221;kieg&#8221;]<\/p>\n<p style=\"text-align: center;\">vagy 25 &#8211; 50 bont\u00e1sban<\/p>\n<p>[\/vc_column_text][\/vc_column][vc_column width=&#8221;1\/4&#8243;]<div class=\"stats-block stats-top  \"><div class=\"aio-icon-top\"><div class=\"ult-just-icon-wrapper  \"><div class=\"align-icon\" style=\"text-align:center;\"><\/div><\/div><\/div><div class=\"stats-desc\" id=\"counter-responsv-wrap-4383\"><div id=\"counter_185634986069e633712c75b\" data-id=\"counter_185634986069e633712c75b\"  data-ultimate-target='#counter-responsv-wrap-4383 .stats-number'  data-responsive-json-new='{\"font-size\":\"desktop:50px;\",\"line-height\":\"\"}'  class=\"stats-number ult-responsive\" style=\"  color:#ed1c24;\" data-speed=\"3\" data-counter-value=\"150\" data-separator=\",\" data-decimal=\".\">0<\/div><div class=\"counter_suffix mycust ult-responsive\"  data-ultimate-target='#counter-responsv-wrap-4383 .mycust'  data-responsive-json-new='{\"font-size\":\"desktop:15px;\",\"line-height\":\"desktop:17px;\"}'  style=\" font-weight:bold;color:\">f\u0151<\/div><div counter-responsv-wrap-4383  data-ultimate-target='#counter-responsv-wrap-4383 .stats-text'  data-responsive-json-new='{\"font-size\":\"\",\"line-height\":\"\"}'  class=\"stats-text ult-responsive\" style=\"font-size:18px;  \">\u00c1ll\u00f3fogad\u00e1s<\/div><\/div><\/div>[\/vc_column][vc_column width=&#8221;1\/4&#8243;]<div class=\"stats-block stats-top  \"><div class=\"aio-icon-top\"><div class=\"ult-just-icon-wrapper  \"><div class=\"align-icon\" style=\"text-align:center;\"><\/div><\/div><\/div><div class=\"stats-desc\" id=\"counter-responsv-wrap-2713\"><div id=\"counter_175487451869e633712c8f2\" data-id=\"counter_175487451869e633712c8f2\"  data-ultimate-target='#counter-responsv-wrap-2713 .stats-number'  data-responsive-json-new='{\"font-size\":\"desktop:50px;\",\"line-height\":\"\"}'  class=\"stats-number ult-responsive\" style=\"  color:#ed1c24;\" data-speed=\"3\" data-counter-value=\"300\" data-separator=\",\" data-decimal=\".\">0<\/div><div class=\"counter_suffix mycust ult-responsive\"  data-ultimate-target='#counter-responsv-wrap-2713 .mycust'  data-responsive-json-new='{\"font-size\":\"desktop:15px;\",\"line-height\":\"desktop:17px;\"}'  style=\" font-weight:bold;color:\">f\u0151<\/div><div counter-responsv-wrap-2713  data-ultimate-target='#counter-responsv-wrap-2713 .stats-text'  data-responsive-json-new='{\"font-size\":\"\",\"line-height\":\"\"}'  class=\"stats-text ult-responsive\" style=\"font-size:18px;  \">Conference Center<\/div><\/div><\/div>[vc_column_text el_class=&#8221;kieg&#8221;]<\/p>\n<p style=\"text-align: center;\">\u00f6sszesen 8 szekcion\u00e1lt , de egybenyithat\u00f3 teremben<\/p>\n<p>[\/vc_column_text][\/vc_column][\/vc_row][vc_row full_width=&#8221;stretch_row&#8221; css=&#8221;.vc_custom_1480092793538{border-top-width: 1px !important;border-bottom-width: 1px !important;background-color: #f9f9f9 !important;border-top-color: #dbdbdb !important;border-bottom-color: #dbdbdb !important;}&#8221;][vc_column width=&#8221;1\/3&#8243;][vc_column_text]<\/p>\n<h3>\u00c9tterm\u00fcnk megfelel\u0151 helysz\u00ednt ny\u00fajt:<\/h3>\n<ul>\n<li>C\u00e9ges rendezv\u00e9nyekhez<\/li>\n<li>Esk\u00fcv\u0151kh\u00f6z<\/li>\n<li>konferenci\u00e1khoz<\/li>\n<li>Meet upokhoz<\/li>\n<li>Tr\u00e9ningekhez\/ cocahingokhoz<\/li>\n<li>Kar\u00e1csonyi vacsor\u00e1khoz<\/li>\n<li>Sz\u00fclet\u00e9snapokhoz<\/li>\n<\/ul>\n<p>[\/vc_column_text][\/vc_column][vc_column width=&#8221;1\/3&#8243;][vc_column_text]<\/p>\n<h3>Biztos\u00edtjuk a k\u00f6vetkez\u0151ket<\/h3>\n<ul>\n<li>Hangos\u00edt\u00e1s<\/li>\n<li>URH (vezet\u00e9k n\u00e9lk\u00fcli) mikrofon<\/li>\n<li>Vet\u00edt\u0151v\u00e1szon<\/li>\n<li>Telev\u00edzi\u00f3<\/li>\n<li>WIFI<\/li>\n<li>Szab\u00e1lyozhat\u00f3 f\u00e9ny<\/li>\n<li>P\u00f3dium<\/li>\n<\/ul>\n<p>[\/vc_column_text][\/vc_column][vc_column width=&#8221;1\/3&#8243;][vc_single_image image=&#8221;298&#8243; img_size=&#8221;full&#8221;][\/vc_column][vc_column]<div class=\"ult-animation  ult-animate-viewport  ult-no-mobile \" data-animate=\"bounceIn\" data-animation-delay=\"0\" data-animation-duration=\"3\" data-animation-iteration=\"1\" style=\"opacity:0;\" data-opacity_start_effect=\"\">[vc_column_text]<\/p>\n<p style=\"text-align: center;\"><a style=\"padding: 15px; font-size: 18px; background-color: #ed1c24; border-radius: 5px; color: white;\" href=\"http:\/\/eiffelbistro.hu\/galeria\/\">K\u00c9PGAL\u00c9RIA MEGTEKINT\u00c9SE<\/a><\/p>\n<p>[\/vc_column_text]<\/div>[\/vc_column][\/vc_row][vc_row][vc_column][vc_column_text]<\/p>\n<h3>Referenci\u00e1ink<\/h3>\n<p>[\/vc_column_text]<div id=\"ult-carousel-212083008169e633712cb87\" class=\"ult-carousel-wrapper   ult_horizontal\" data-gutter=\"15\" data-rtl=\"false\" ><div class=\"ult-carousel-51067654269e633712c9f0 \" >[vc_single_image image=&#8221;304&#8243; img_size=&#8221;full&#8221; alignment=&#8221;center&#8221;][vc_single_image image=&#8221;302&#8243; img_size=&#8221;full&#8221; alignment=&#8221;center&#8221;][vc_single_image image=&#8221;301&#8243; img_size=&#8221;full&#8221; alignment=&#8221;center&#8221;][vc_single_image image=&#8221;307&#8243; img_size=&#8221;full&#8221; alignment=&#8221;center&#8221;][vc_single_image image=&#8221;308&#8243; img_size=&#8221;full&#8221; alignment=&#8221;center&#8221;][vc_single_image image=&#8221;306&#8243; img_size=&#8221;full&#8221; alignment=&#8221;center&#8221;][vc_single_image image=&#8221;300&#8243; img_size=&#8221;full&#8221; alignment=&#8221;center&#8221;][vc_single_image image=&#8221;305&#8243; img_size=&#8221;full&#8221; alignment=&#8221;center&#8221;][vc_single_image image=&#8221;303&#8243; img_size=&#8221;full&#8221; alignment=&#8221;center&#8221;]<\/div><\/div>\t\t\t<script type=\"text\/javascript\">\r\n\t\t\t\tjQuery(document).ready(function ($) {\r\n\t\t\t\t\tif( typeof jQuery('.ult-carousel-51067654269e633712c9f0').slick == \"function\"){\r\n\t\t\t\t\t\t$('.ult-carousel-51067654269e633712c9f0').slick({dots: false,autoplay: true,autoplaySpeed: 2000,speed: 300,infinite: true,arrows: true,nextArrow: '<button type=\"button\" role=\"button\" aria-label=\"Next\" style=\"color:#333333; font-size:20px;\" class=\"slick-next default\"><i class=\"ultsl-arrow-right4\"><\/i><\/button>',prevArrow: '<button type=\"button\" role=\"button\" aria-label=\"Previous\" style=\"color:#333333; font-size:20px;\" class=\"slick-prev default\"><i class=\"ultsl-arrow-left4\"><\/i><\/button>',slidesToScroll:1,slidesToShow:5,swipe: true,draggable: true,touchMove: true,pauseOnHover: true,responsive: [\r\n\t\t\t\t\t\t\t{\r\n\t\t\t\t\t\t\t  breakpoint: 1025,\r\n\t\t\t\t\t\t\t  settings: {\r\n\t\t\t\t\t\t\t\tslidesToShow: 5,\r\n\t\t\t\t\t\t\t\tslidesToScroll: 1,  \r\n\t\t\t\t\t\t\t  }\r\n\t\t\t\t\t\t\t},\r\n\t\t\t\t\t\t\t{\r\n\t\t\t\t\t\t\t  breakpoint: 769,\r\n\t\t\t\t\t\t\t  settings: {\r\n\t\t\t\t\t\t\t\tslidesToShow: 3,\r\n\t\t\t\t\t\t\t\tslidesToScroll: 3\r\n\t\t\t\t\t\t\t  }\r\n\t\t\t\t\t\t\t},\r\n\t\t\t\t\t\t\t{\r\n\t\t\t\t\t\t\t  breakpoint: 481,\r\n\t\t\t\t\t\t\t  settings: {\r\n\t\t\t\t\t\t\t\tslidesToShow: 2,\r\n\t\t\t\t\t\t\t\tslidesToScroll: 2\r\n\t\t\t\t\t\t\t  }\r\n\t\t\t\t\t\t\t}\r\n\t\t\t\t\t\t],pauseOnDotsHover: true,customPaging: function(slider, i) {\r\n                   return '<i type=\"button\" style= \"color:#333333;\" class=\"ultsl-record\" data-role=\"none\"><\/i>';\r\n                },});\r\n\t\t\t\t\t}\r\n\t\t\t\t});\r\n\t\t\t<\/script>\r\n\t\t\t[\/vc_column][\/vc_row][vc_row full_width=&#8221;stretch_row_content_no_spaces&#8221; css=&#8221;.vc_custom_1480093012844{background-color: #212121 !important;}&#8221; el_class=&#8221;kapcssor&#8221; el_id=&#8221;kapcsolat&#8221;][vc_column width=&#8221;1\/3&#8243;]<div id='wrap_map_69e633712cc74' class='ultimate-map-wrapper ult-adjust-bottom-margin map' style=' height:550px;'><div id='map_69e633712cc74' data-map_override='0' class='ultimate_google_map wpb_content_element page_margin_top' style='width:100%;height:550px;'><\/div><\/div><script type='text\/javascript'>\r\n\t\t\t(function($) {\r\n  \t\t\t'use strict';\r\n\t\t\tvar map_map_69e633712cc74 = null;\r\n\t\t\tvar coordinate_map_69e633712cc74;\r\n\t\t\tvar isDraggable = $(document).width() > 641 ? true : true;\r\n\t\t\ttry\r\n\t\t\t{\r\n\t\t\t\tvar map_map_69e633712cc74 = null;\r\n\t\t\t\tvar coordinate_map_69e633712cc74;\r\n\t\t\t\tcoordinate_map_69e633712cc74=new google.maps.LatLng(47.50935, 19.05480);\r\n\t\t\t\tvar mapOptions=\r\n\t\t\t\t{\r\n\t\t\t\t\tzoom: 16,\r\n\t\t\t\t\tcenter: coordinate_map_69e633712cc74,\r\n\t\t\t\t\tscaleControl: true,\r\n\t\t\t\t\tstreetViewControl: false,\r\n\t\t\t\t\tmapTypeControl: false,\r\n\t\t\t\t\tpanControl: false,\r\n\t\t\t\t\tzoomControl: false,\r\n\t\t\t\t\tscrollwheel: true,\r\n\t\t\t\t\tdraggable: isDraggable,\r\n\t\t\t\t\tzoomControlOptions: {\r\n\t\t\t\t\t\tposition: google.maps.ControlPosition.RIGHT_BOTTOM\r\n\t\t\t\t\t}, mapTypeControlOptions: {\r\n\t\t\t\t\t  \t\tmapTypeIds: [google.maps.MapTypeId.ROADMAP, 'map_style']\r\n\t\t\t\t\t\t}};var styles = [{\"stylers\":[{\"saturation\":-100},{\"gamma\":0.8},{\"lightness\":4},{\"visibility\":\"on\"}]},{\"featureType\":\"landscape.natural\",\"stylers\":[{\"visibility\":\"on\"},{\"color\":\"#5dff00\"},{\"gamma\":4.97},{\"lightness\":-5},{\"saturation\":100}]}];\r\n\t\t\t\t\t\tvar styledMap = new google.maps.StyledMapType(styles,\r\n\t\t\t\t\t    \t{name: \"Styled Map\"});var map_map_69e633712cc74 = new google.maps.Map(document.getElementById('map_69e633712cc74'),mapOptions);map_map_69e633712cc74.mapTypes.set('map_style', styledMap);\r\n \t\t\t\t\t\t\t map_map_69e633712cc74.setMapTypeId('map_style');\r\n\t\t\t\t\t\tvar x = 'infowindow_open_value';\r\n\t\t\t\t\t\tvar marker_map_69e633712cc74 = new google.maps.Marker({\r\n\t\t\t\t\t\tposition: new google.maps.LatLng(47.50935, 19.05480),\r\n\t\t\t\t\t\tanimation:  google.maps.Animation.DROP,\r\n\t\t\t\t\t\tmap: map_map_69e633712cc74,\r\n\t\t\t\t\t\ticon: ''\r\n\t\t\t\t\t});\r\n\t\t\t\t\tgoogle.maps.event.addListener(marker_map_69e633712cc74, 'click', toggleBounce);var infowindow = new google.maps.InfoWindow();\r\n\t\t\t\t\t\t\tinfowindow.setContent('<div class=\"map_info_text\" style=\\'color:#000;\\'><\/p> <div class=\"_4bl9\"> <div style=\"text-align: center;\"><span class=\"_50f4\">1055 Budapest, Bajcsy Zsilinszky \u00fat. 78.<\/span><\/div> <div><span class=\"_50f4\">\u00a0<\/span><\/div> <\/div> <p><\/div>');google.maps.event.addListener(marker_map_69e633712cc74, 'click', function() {\r\n\t\t\t\t\t\t\t\tinfowindow.open(map_map_69e633712cc74,marker_map_69e633712cc74);\r\n\t\t\t\t\t\t  \t});}\r\n\t\t\tcatch(e){};\r\n\t\t\tjQuery(document).ready(function($){\r\n\t\t\t\tgoogle.maps.event.trigger(map_map_69e633712cc74, 'resize');\r\n\t\t\t\t$(window).resize(function(){\r\n\t\t\t\t\tgoogle.maps.event.trigger(map_map_69e633712cc74, 'resize');\r\n\t\t\t\t\tif(map_map_69e633712cc74!=null)\r\n\t\t\t\t\t\tmap_map_69e633712cc74.setCenter(coordinate_map_69e633712cc74);\r\n\t\t\t\t});\r\n\t\t\t\t$('.ui-tabs').bind('tabsactivate', function(event, ui) {\r\n\t\t\t\t   if($(this).find('.ultimate-map-wrapper').length > 0)\r\n\t\t\t\t\t{\r\n\t\t\t\t\t\tsetTimeout(function(){\r\n\t\t\t\t\t\t\t$(window).trigger('resize');\r\n\t\t\t\t\t\t},200);\r\n\t\t\t\t\t}\r\n\t\t\t\t});\r\n\t\t\t\t$('.ui-accordion').bind('accordionactivate', function(event, ui) {\r\n\t\t\t\t   if($(this).find('.ultimate-map-wrapper').length > 0)\r\n\t\t\t\t\t{\r\n\t\t\t\t\t\tsetTimeout(function(){\r\n\t\t\t\t\t\t\t$(window).trigger('resize');\r\n\t\t\t\t\t\t},200);\r\n\t\t\t\t\t}\r\n\t\t\t\t});\r\n\t\t\t\t$(window).load(function(){\r\n\t\t\t\t\tsetTimeout(function(){\r\n\t\t\t\t\t\t$(window).trigger('resize');\r\n\t\t\t\t\t},200);\r\n\t\t\t\t});\r\n\t\t\t\t$('.ult_exp_section').select(function(){\r\n\t\t\t\t\tif($(map_map_69e633712cc74).parents('.ult_exp_section'))\r\n\t\t\t\t\t{\r\n\t\t\t\t\t\tsetTimeout(function(){\r\n\t\t\t\t\t\t\t$(window).trigger('resize');\r\n\t\t\t\t\t\t},200);\r\n\t\t\t\t\t}\r\n\t\t\t\t});\r\n\t\t\t\t$(document).on('onUVCModalPopupOpen', function(){\r\n\t\t\t\t\tif($(map_map_69e633712cc74).parents('.ult_modal-content'))\r\n\t\t\t\t\t{\r\n\t\t\t\t\t\tsetTimeout(function(){\r\n\t\t\t\t\t\t\t$(window).trigger('resize');\r\n\t\t\t\t\t\t},200);\r\n\t\t\t\t\t}\r\n\t\t\t\t});\r\n\t\t\t\t$(document).on('click','.ult_tab_li',function(){\r\n\t\t\t\t\t$(window).trigger('resize');\r\n\t\t\t\t\tsetTimeout(function(){\r\n\t\t\t\t\t\t$(window).trigger('resize');\r\n\t\t\t\t\t},200);\r\n\t\t\t\t});\r\n\t\t\t});\r\n\t\t\tfunction toggleBounce() {\r\n\t\t\t  if (marker_map_69e633712cc74.getAnimation() != null) {\r\n\t\t\t\tmarker_map_69e633712cc74.setAnimation(null);\r\n\t\t\t  } else {\r\n\t\t\t\tmarker_map_69e633712cc74.setAnimation(google.maps.Animation.BOUNCE);\r\n\t\t\t  }\r\n\t\t\t}\r\n\t\t\t})(jQuery);\r\n\t\t\t<\/script>[\/vc_column][vc_column width=&#8221;1\/3&#8243;][vc_column_text el_class=&#8221;kapcs&#8221;]<\/p>\n<p style=\"text-align: left;\"><img loading=\"lazy\" class=\"size-full wp-image-210 aligncenter\" src=\"http:\/\/eiffelbistro.hu\/wp-content\/uploads\/2016\/11\/logoforditott.png\" alt=\"logoforditott\" width=\"92\" height=\"117\" srcset=\"https:\/\/eiffelbistro.hu\/wp-content\/uploads\/2016\/11\/logoforditott.png 92w, https:\/\/eiffelbistro.hu\/wp-content\/uploads\/2016\/11\/logoforditott-39x50.png 39w, https:\/\/eiffelbistro.hu\/wp-content\/uploads\/2016\/11\/logoforditott-59x75.png 59w\" sizes=\"(max-width: 92px) 100vw, 92px\" \/><\/p>\n<p style=\"text-align: left;\"><img style=\"vertical-align: middle;\" src=\"http:\/\/eiffelbistro.hu\/wp-content\/uploads\/2016\/11\/cim.png\" \/>1055 Budapest, Bajcsy Zsilinszky \u00fat. 78.<\/p>\n<p style=\"text-align: left;\"><img style=\"vertical-align: middle;\" src=\"http:\/\/eiffelbistro.hu\/wp-content\/uploads\/2016\/11\/telefon.png\" \/>(1) 301 0875<\/p>\n<p style=\"text-align: left;\"><img style=\"vertical-align: middle;\" src=\"http:\/\/eiffelbistro.hu\/wp-content\/uploads\/2016\/11\/email.png\" \/>bistro@eiffelbistro.hu<\/p>\n<p style=\"text-align: left;\"><img style=\"vertical-align: middle;\" src=\"http:\/\/eiffelbistro.hu\/wp-content\/uploads\/2016\/11\/nyitvatartas.png\" \/>7:30 &#8211; 23:00<\/p>\n<p style=\"text-align: left;\"><a href=\"https:\/\/www.facebook.com\/eiffelbistrobar\/?fref=ts\"><img style=\"vertical-align: middle;\" src=\"http:\/\/eiffelbistro.hu\/wp-content\/uploads\/2016\/11\/fb.png\" \/><\/a>Follow us on Facebookon!<\/p>\n<p style=\"text-align: left;\"><a href=\"https:\/\/www.tripadvisor.co.hu\/Restaurant_Review-g274887-d7146931-Reviews-Eiffel_Bistro_Bar-Budapest_Central_Hungary.html\"><img style=\"vertical-align: middle;\" src=\"http:\/\/eiffelbistro.hu\/wp-content\/uploads\/2016\/11\/trip.png\" \/><\/a>Review us on Tripadvisor!<\/p>\n<p>[\/vc_column_text][\/vc_column][vc_column width=&#8221;1\/3&#8243;][vc_column_text]<div role=\"form\" class=\"wpcf7\" id=\"wpcf7-f360-o1\" lang=\"hu-HU\" dir=\"ltr\">\n<div class=\"screen-reader-response\"><p role=\"status\" aria-live=\"polite\" aria-atomic=\"true\"><\/p> <ul><\/ul><\/div>\n<form action=\"\/en\/wp-json\/wp\/v2\/pages\/365\/#wpcf7-f360-o1\" method=\"post\" class=\"wpcf7-form init\" novalidate=\"novalidate\" data-status=\"init\">\n<div style=\"display: none;\">\n<input type=\"hidden\" name=\"_wpcf7\" value=\"360\" \/>\n<input type=\"hidden\" name=\"_wpcf7_version\" value=\"5.3.2\" \/>\n<input type=\"hidden\" name=\"_wpcf7_locale\" value=\"hu_HU\" \/>\n<input type=\"hidden\" name=\"_wpcf7_unit_tag\" value=\"wpcf7-f360-o1\" \/>\n<input type=\"hidden\" name=\"_wpcf7_container_post\" value=\"0\" \/>\n<input type=\"hidden\" name=\"_wpcf7_posted_data_hash\" value=\"\" \/>\n<\/div>\n<p><span class=\"wpcf7-form-control-wrap your-name\"><input type=\"text\" name=\"your-name\" value=\"Name\" size=\"40\" class=\"wpcf7-form-control wpcf7-text wpcf7-validates-as-required\" aria-required=\"true\" aria-invalid=\"false\" \/><\/span> <\/p>\n<p>    <span class=\"wpcf7-form-control-wrap your-email\"><input type=\"email\" name=\"your-email\" value=\"Email\" size=\"40\" class=\"wpcf7-form-control wpcf7-text wpcf7-email wpcf7-validates-as-required wpcf7-validates-as-email\" aria-required=\"true\" aria-invalid=\"false\" \/><\/span> <\/p>\n<p>    <span class=\"wpcf7-form-control-wrap your-phone\"><input type=\"text\" name=\"your-phone\" value=\"Phone\" size=\"40\" class=\"wpcf7-form-control wpcf7-text\" aria-invalid=\"false\" \/><\/span> <\/p>\n<p>    <span class=\"wpcf7-form-control-wrap your-subject\"><input type=\"text\" name=\"your-subject\" value=\"Subject\" size=\"40\" class=\"wpcf7-form-control wpcf7-text\" aria-invalid=\"false\" \/><\/span> <\/p>\n<p>    <span class=\"wpcf7-form-control-wrap your-message\"><textarea name=\"your-message\" cols=\"40\" rows=\"10\" class=\"wpcf7-form-control wpcf7-textarea wpcf7-validates-as-required\" aria-required=\"true\" aria-invalid=\"false\">Message<\/textarea><\/span> <\/p>\n<p><input type=\"submit\" value=\"Send\" class=\"wpcf7-form-control wpcf7-submit\" \/><\/p>\n<div class=\"wpcf7-response-output\" aria-hidden=\"true\"><\/div><\/form><\/div>[\/vc_column_text][\/vc_column][\/vc_row]<\/p>\n","protected":false},"excerpt":{"rendered":"<p>[vc_row][vc_column][vc_column_text] RENDEZV\u00c9NYEK A belv\u00e1ros sz\u00edv\u00e9ben keresel rendezv\u00e9nyhelysz\u00ednt? Fontos sz\u00e1modra a j\u00f3 k\u00f6zleked\u00e9s \u00e9s a hangulatos, modern k\u00f6rnyezet?\u00a0 Akkor sz\u00e1modra az Eiffel Bistro &amp; Bar a megfelel\u0151<span class=\"excerpt-hellip\"> [\u2026]<\/span><\/p>\n","protected":false},"author":1,"featured_media":0,"parent":0,"menu_order":0,"comment_status":"closed","ping_status":"closed","template":"","meta":[],"_links":{"self":[{"href":"https:\/\/eiffelbistro.hu\/en\/wp-json\/wp\/v2\/pages\/365\/"}],"collection":[{"href":"https:\/\/eiffelbistro.hu\/en\/wp-json\/wp\/v2\/pages\/"}],"about":[{"href":"https:\/\/eiffelbistro.hu\/en\/wp-json\/wp\/v2\/types\/page\/"}],"author":[{"embeddable":true,"href":"https:\/\/eiffelbistro.hu\/en\/wp-json\/wp\/v2\/users\/1\/"}],"replies":[{"embeddable":true,"href":"https:\/\/eiffelbistro.hu\/en\/wp-json\/wp\/v2\/comments\/?post=365"}],"version-history":[{"count":2,"href":"https:\/\/eiffelbistro.hu\/en\/wp-json\/wp\/v2\/pages\/365\/revisions\/"}],"predecessor-version":[{"id":377,"href":"https:\/\/eiffelbistro.hu\/en\/wp-json\/wp\/v2\/pages\/365\/revisions\/377\/"}],"wp:attachment":[{"href":"https:\/\/eiffelbistro.hu\/en\/wp-json\/wp\/v2\/media\/?parent=365"}],"curies":[{"name":"wp","href":"https:\/\/api.w.org\/{rel}","templated":true}]}}